{"id":229862,"date":"2023-07-04T12:49:02","date_gmt":"2023-07-04T12:49:02","guid":{"rendered":"https:\/\/muziekkoepelneringbogel.nl\/?page_id=229862"},"modified":"2026-04-02T19:15:30","modified_gmt":"2026-04-02T17:15:30","slug":"over-ons","status":"publish","type":"page","link":"https:\/\/muziekkoepelneringbogel.nl\/?page_id=229862","title":{"rendered":"Over ons"},"content":{"rendered":"<p>[et_pb_section fb_built=&#8221;1&#8243; _builder_version=&#8221;4.21.0&#8243; background_image=&#8221;https:\/\/muziekkoepelneringbogel.nl\/wp-content\/uploads\/2023\/06\/Scherm\u00adafbeelding-2023-06-29-om-14.16.00-1.jpg&#8221; custom_padding=&#8221;71px||71px||true|&#8221; animation_style=&#8221;fold&#8221; animation_direction=&#8221;right&#8221; animation_duration=&#8221;1500ms&#8221; global_colors_info=&#8221;{}&#8221;][et_pb_row _builder_version=&#8221;4.16&#8243; width=&#8221;98%&#8221; width_tablet=&#8221;90%&#8221; width_phone=&#8221;90%&#8221; width_last_edited=&#8221;on|tablet&#8221; max_width=&#8221;1170px&#8221; max_width_tablet=&#8221;90%&#8221; max_width_phone=&#8221;90%&#8221; max_width_last_edited=&#8221;on|phone&#8221; animation_direction=&#8221;left&#8221; global_colors_info=&#8221;{}&#8221;][et_pb_column type=&#8221;4_4&#8243; _builder_version=&#8221;4.16&#8243; custom_padding=&#8221;|||&#8221; global_colors_info=&#8221;{}&#8221; custom_padding__hover=&#8221;|||&#8221;][et_pb_text _builder_version=&#8221;4.16&#8243; text_font=&#8221;Poppins||||||||&#8221; text_text_color=&#8221;#5499D4&#8243; text_font_size=&#8221;16px&#8221; header_font=&#8221;Poppins|900||on|||||&#8221; header_text_color=&#8221;#ffffff&#8221; header_font_size=&#8221;50px&#8221; header_font_size_tablet=&#8221;&#8221; header_font_size_phone=&#8221;30px&#8221; header_font_size_last_edited=&#8221;on|desktop&#8221; global_colors_info=&#8221;{}&#8221;]<\/p>\n<h1>Over ons<\/h1>\n<p>[\/et_pb_text][et_pb_text _builder_version=&#8221;4.16&#8243; text_font=&#8221;Poppins||||||||&#8221; text_text_color=&#8221;#5499D4&#8243; text_font_size=&#8221;16px&#8221; header_font=&#8221;Poppins|200||on|||||&#8221; header_text_color=&#8221;#ffffff&#8221; header_font_size=&#8221;50px&#8221; header_line_height=&#8221;1.1em&#8221; max_width=&#8221;61%&#8221; max_width_tablet=&#8221;87%&#8221; max_width_phone=&#8221;100%&#8221; max_width_last_edited=&#8221;on|desktop&#8221; custom_margin=&#8221;-35px||&#8221; header_font_size_tablet=&#8221;&#8221; header_font_size_phone=&#8221;30px&#8221; header_font_size_last_edited=&#8221;on|desktop&#8221; global_colors_info=&#8221;{}&#8221;]<\/p>\n<h1 class=\"x1heor9g x1qlqyl8 x1pd3egz x1a2a7pz\">Muziekkoepel Nering B\u00f6gel<\/h1>\n<h1 class=\"x1heor9g x1qlqyl8 x1pd3egz x1a2a7pz\">Worpplantsoen te deventer<\/h1>\n<p>&nbsp;<\/p>\n<p>[\/et_pb_text][\/et_pb_column][\/et_pb_row][\/et_pb_section][et_pb_section fb_built=&#8221;1&#8243; _builder_version=&#8221;4.21.0&#8243; background_enable_image=&#8221;off&#8221; custom_padding=&#8221;39px||39px||true|&#8221; animation_style=&#8221;fold&#8221; animation_direction=&#8221;left&#8221; animation_duration=&#8221;1500ms&#8221; border_width_bottom=&#8221;1px&#8221; border_color_bottom=&#8221;#d3d3d3&#8243; global_colors_info=&#8221;{}&#8221;][et_pb_row column_structure=&#8221;1_4,3_4&#8243; _builder_version=&#8221;4.27.0&#8243; _module_preset=&#8221;default&#8221; global_colors_info=&#8221;{}&#8221;][et_pb_column type=&#8221;1_4&#8243; _builder_version=&#8221;4.27.0&#8243; _module_preset=&#8221;default&#8221; global_colors_info=&#8221;{}&#8221;][et_pb_image src=&#8221;https:\/\/muziekkoepelneringbogel.nl\/wp-content\/uploads\/2023\/08\/Logo-Muziekkoepel-Worpplantsoen.jpg&#8221; title_text=&#8221;Logo Muziekkoepel Worpplantsoen&#8221; _builder_version=&#8221;4.27.0&#8243; _module_preset=&#8221;default&#8221; global_colors_info=&#8221;{}&#8221;][\/et_pb_image][\/et_pb_column][et_pb_column type=&#8221;3_4&#8243; _builder_version=&#8221;4.27.0&#8243; _module_preset=&#8221;default&#8221; global_colors_info=&#8221;{}&#8221;][et_pb_text _builder_version=&#8221;4.27.4&#8243; _module_preset=&#8221;default&#8221; global_colors_info=&#8221;{}&#8221;]<\/p>\n<h4><\/h4>\n<h4>Stichting Muziekkoepel Nering B\u00f6gel<\/h4>\n<p>Over ons<\/p>\n<p>In het zomerseizoen bieden we een podium aan amateurmusici. Van eind april tot eind september organiseren we elke zondagmiddag concerten met twee verschillende acts. We streven naar een zo gevarieerd mogelijk programma, zodat iedereen kan genieten van muziek in het Worpplantsoen.\u00a0<span>\u00a0<\/span><a href=\"https:\/\/muziekkoepelneringbogel.nl\/?page_id=230482\"><span>Bekijk het programma 2026 hier\u00a0<\/span><\/a>(vanaf maart 2026)<\/p>\n<p data-start=\"1308\" data-end=\"1438\">Rond Koningsdag verzorgen we een speciaal concert en op zondag 12 juli zijn we opnieuw aanwezig op het Zeldzaam Mooi Festival.<\/p>\n<p data-start=\"1440\" data-end=\"1680\">Het programma van Muziekkoepel Nering B\u00f6gel draait volledig op de inzet van ruim 40 enthousiaste vrijwilligers. Wil je ook een bijdrage leveren?\u00a0<span>\u00a0<\/span><a href=\"https:\/\/muziekkoepelneringbogel.nl\/?page_id=231008\"><span>Zie de pagina aanmelden<\/span>.<\/a>\u00a0 Neem gerust contact met ons op\u2014we leren je graag kennen!<\/p>\n<p>&nbsp;<\/p>\n<p>[\/et_pb_text][\/et_pb_column][\/et_pb_row][\/et_pb_section][et_pb_section fb_built=&#8221;1&#8243; _builder_version=&#8221;4.16&#8243; use_background_color_gradient=&#8221;on&#8221; background_color_gradient_stops=&#8221;rgba(244,244,244,0.95) 0%|rgba(244,244,244,0.95) 100%&#8221; background_color_gradient_overlays_image=&#8221;on&#8221; background_color_gradient_start=&#8221;rgba(244,244,244,0.95)&#8221; background_color_gradient_end=&#8221;rgba(244,244,244,0.95)&#8221; background_image=&#8221;https:\/\/muziekkoepelneringbogel.nl\/wp-content\/uploads\/2023\/06\/company-166-49.jpg&#8221; custom_padding=&#8221;70px|0px|70px|0px|true|false&#8221; global_colors_info=&#8221;{}&#8221;][et_pb_row column_structure=&#8221;1_2,1_2&#8243; _builder_version=&#8221;4.21.0&#8243; _module_preset=&#8221;default&#8221; global_colors_info=&#8221;{}&#8221;][et_pb_column type=&#8221;1_2&#8243; _builder_version=&#8221;4.21.0&#8243; _module_preset=&#8221;default&#8221; global_colors_info=&#8221;{}&#8221;][et_pb_text _builder_version=&#8221;4.22.1&#8243; _module_preset=&#8221;default&#8221; custom_margin=&#8221;|||-36px||&#8221; global_colors_info=&#8221;{}&#8221;]<\/p>\n<p>Onze gegevens:<\/p>\n<p><strong>Stichting Muziekkoepel Nering B\u00f6gel Worpplantsoen<\/strong><\/p>\n<p><strong>info@muziekkoepelneringbogel.nl<br \/><\/strong><strong style=\"font-size: 16px;\">p\/a Keizerstraat 25, <\/strong><strong>7411 HD Deventer<\/strong><\/p>\n<p>&nbsp;<\/p>\n<p><strong>Kamer van Koophandel: 08216163<br \/><\/strong><strong>Rekeningnummer Rabobank IBAN: NL60 RABO 0156 8508 85<br \/><\/strong><strong>ANBI geregistreerd vanaf 6-1-2010<\/strong><\/p>\n<p>[\/et_pb_text][\/et_pb_column][et_pb_column type=&#8221;1_2&#8243; _builder_version=&#8221;4.21.0&#8243; _module_preset=&#8221;default&#8221; global_colors_info=&#8221;{}&#8221;][et_pb_image src=&#8221;https:\/\/muziekkoepelneringbogel.nl\/wp-content\/uploads\/2023\/07\/download-7.jpeg&#8221; title_text=&#8221;download (7)&#8221; align=&#8221;right&#8221; _builder_version=&#8221;4.21.0&#8243; _module_preset=&#8221;default&#8221; width=&#8221;60%&#8221; global_colors_info=&#8221;{}&#8221;][\/et_pb_image][\/et_pb_column][\/et_pb_row][\/et_pb_section][et_pb_section fb_built=&#8221;1&#8243; _builder_version=&#8221;4.22.1&#8243; background_color=&#8221;#f73c20&#8243; background_image=&#8221;https:\/\/muziekkoepelneringbogel.nl\/wp-content\/uploads\/2023\/06\/Scherm\u00adafbeelding-2023-06-29-om-14.16.00-1.jpg&#8221; parallax=&#8221;on&#8221; parallax_method=&#8221;off&#8221; custom_padding=&#8221;67px||67px||true|false&#8221; animation_style=&#8221;fold&#8221; animation_direction=&#8221;left&#8221; animation_duration=&#8221;1850ms&#8221; animation_delay=&#8221;500ms&#8221; global_colors_info=&#8221;{}&#8221;][et_pb_row _builder_version=&#8221;4.16&#8243; width=&#8221;98%&#8221; width_tablet=&#8221;90%&#8221; width_phone=&#8221;90%&#8221; width_last_edited=&#8221;on|tablet&#8221; max_width=&#8221;1170px&#8221; max_width_tablet=&#8221;90%&#8221; max_width_phone=&#8221;90%&#8221; max_width_last_edited=&#8221;on|phone&#8221; custom_padding=&#8221;|0px||0px|false|false&#8221; animation_direction=&#8221;top&#8221; global_colors_info=&#8221;{}&#8221;][et_pb_column type=&#8221;4_4&#8243; _builder_version=&#8221;4.16&#8243; custom_padding=&#8221;|||&#8221; global_colors_info=&#8221;{}&#8221; custom_padding__hover=&#8221;|||&#8221;][et_pb_text _builder_version=&#8221;4.21.0&#8243; header_font=&#8221;Poppins|800|||||||&#8221; header_text_align=&#8221;center&#8221; header_text_color=&#8221;#ffffff&#8221; header_font_size=&#8221;43px&#8221; header_line_height=&#8221;1.4em&#8221; header_2_font=&#8221;||||||||&#8221; header_2_font_size=&#8221;31px&#8221; max_width=&#8221;87%&#8221; max_width_tablet=&#8221;87%&#8221; max_width_phone=&#8221;100%&#8221; max_width_last_edited=&#8221;on|desktop&#8221; module_alignment=&#8221;center&#8221; custom_margin=&#8221;|||&#8221; header_font_size_tablet=&#8221;&#8221; header_font_size_phone=&#8221;25px&#8221; header_font_size_last_edited=&#8221;on|desktop&#8221; global_colors_info=&#8221;{}&#8221;]<\/p>\n<h1>Grote dank voor alle donateurs en sponsoren!<\/h1>\n<p>[\/et_pb_text][et_pb_text _builder_version=&#8221;4.22.1&#8243; text_font=&#8221;Questrial||||||||&#8221; text_text_color=&#8221;#ffffff&#8221; text_font_size=&#8221;16px&#8221; text_line_height=&#8221;1.8em&#8221; header_font=&#8221;||||||||&#8221; header_2_font=&#8221;||||||||&#8221; header_2_font_size=&#8221;15px&#8221; text_orientation=&#8221;center&#8221; max_width=&#8221;84%&#8221; max_width_tablet=&#8221;87%&#8221; max_width_phone=&#8221;100%&#8221; max_width_last_edited=&#8221;on|desktop&#8221; module_alignment=&#8221;center&#8221; custom_margin=&#8221;-17px||&#8221; global_colors_info=&#8221;{}&#8221;]<\/p>\n<p><span>Namens Muziekkoepel Nering B\u00f6gel willen we graag een oprecht en hartelijk dankwoord richten aan al onze gewaardeerde sponsoren en donateurs, wier genereuze steun en betrokkenheid ons in staat stellen om een magische wereld van muziek te cre\u00ebren en te delen met onze gemeenschap.\u00a0<\/span><\/p>\n<p>[\/et_pb_text][\/et_pb_column][\/et_pb_row][\/et_pb_section]<\/p>\n","protected":false},"excerpt":{"rendered":"<p>Over onsMuziekkoepel Nering B\u00f6gel Worpplantsoen te deventer &nbsp; Stichting Muziekkoepel Nering B\u00f6gel Over ons In het zomerseizoen bieden we een podium aan amateurmusici. Van eind april tot eind september organiseren [&hellip;]<\/p>\n","protected":false},"author":1,"featured_media":0,"parent":0,"menu_order":0,"comment_status":"closed","ping_status":"closed","template":"","meta":{"_et_pb_use_builder":"on","_et_pb_old_content":"","_et_gb_content_width":"","_price":"","_stock":"","_tribe_ticket_header":"","_tribe_default_ticket_provider":"","_ticket_start_date":"","_ticket_end_date":"","_tribe_ticket_show_description":"","_tribe_ticket_show_not_going":false,"_tribe_ticket_use_global_stock":"","_tribe_ticket_global_stock_level":"","_global_stock_mode":"","_global_stock_cap":"","_tribe_rsvp_for_event":"","_tribe_ticket_going_count":"","_tribe_ticket_not_going_count":"","_tribe_tickets_list":"[]","_tribe_ticket_has_attendee_info_fields":false,"footnotes":"","_tec_slr_enabled":"","_tec_slr_layout":""},"class_list":["post-229862","page","type-page","status-publish","hentry"],"yoast_head":"<!-- This site is optimized with the Yoast SEO plugin v26.8 - https:\/\/yoast.com\/product\/yoast-seo-wordpress\/ -->\n<title>Over ons - Muziekkoepel Nering B\u00f6gel<\/title>\n<meta name=\"robots\" content=\"index, follow, max-snippet:-1, max-image-preview:large, max-video-preview:-1\" \/>\n<link rel=\"canonical\" href=\"https:\/\/muziekkoepelneringbogel.nl\/?page_id=229862\" \/>\n<meta property=\"og:locale\" content=\"nl_NL\" \/>\n<meta property=\"og:type\" content=\"article\" \/>\n<meta property=\"og:title\" content=\"Over ons - Muziekkoepel Nering B\u00f6gel\" \/>\n<meta property=\"og:description\" content=\"Over onsMuziekkoepel Nering B\u00f6gel Worpplantsoen te deventer &nbsp; Stichting Muziekkoepel Nering B\u00f6gel Over ons In het zomerseizoen bieden we een podium aan amateurmusici. Van eind april tot eind september organiseren [&hellip;]\" \/>\n<meta property=\"og:url\" content=\"https:\/\/muziekkoepelneringbogel.nl\/?page_id=229862\" \/>\n<meta property=\"og:site_name\" content=\"Muziekkoepel Nering B\u00f6gel\" \/>\n<meta property=\"article:publisher\" content=\"https:\/\/www.facebook.com\/MuziekkoepelWorpplantsoen\" \/>\n<meta property=\"article:modified_time\" content=\"2026-04-02T17:15:30+00:00\" \/>\n<meta name=\"twitter:card\" content=\"summary_large_image\" \/>\n<meta name=\"twitter:label1\" content=\"Geschatte leestijd\" \/>\n\t<meta name=\"twitter:data1\" content=\"5 minuten\" \/>\n<script type=\"application\/ld+json\" class=\"yoast-schema-graph\">{\"@context\":\"https:\/\/schema.org\",\"@graph\":[{\"@type\":\"WebPage\",\"@id\":\"https:\/\/muziekkoepelneringbogel.nl\/?page_id=229862\",\"url\":\"https:\/\/muziekkoepelneringbogel.nl\/?page_id=229862\",\"name\":\"Over ons - Muziekkoepel Nering B\u00f6gel\",\"isPartOf\":{\"@id\":\"https:\/\/muziekkoepelneringbogel.nl\/#website\"},\"datePublished\":\"2023-07-04T12:49:02+00:00\",\"dateModified\":\"2026-04-02T17:15:30+00:00\",\"breadcrumb\":{\"@id\":\"https:\/\/muziekkoepelneringbogel.nl\/?page_id=229862#breadcrumb\"},\"inLanguage\":\"nl-NL\",\"potentialAction\":[{\"@type\":\"ReadAction\",\"target\":[\"https:\/\/muziekkoepelneringbogel.nl\/?page_id=229862\"]}]},{\"@type\":\"BreadcrumbList\",\"@id\":\"https:\/\/muziekkoepelneringbogel.nl\/?page_id=229862#breadcrumb\",\"itemListElement\":[{\"@type\":\"ListItem\",\"position\":1,\"name\":\"Home\",\"item\":\"https:\/\/muziekkoepelneringbogel.nl\/\"},{\"@type\":\"ListItem\",\"position\":2,\"name\":\"Over ons\"}]},{\"@type\":\"WebSite\",\"@id\":\"https:\/\/muziekkoepelneringbogel.nl\/#website\",\"url\":\"https:\/\/muziekkoepelneringbogel.nl\/\",\"name\":\"Muziekkoepel Nering B\u00f6gel\",\"description\":\"Worpplantsoen Deventer\",\"potentialAction\":[{\"@type\":\"SearchAction\",\"target\":{\"@type\":\"EntryPoint\",\"urlTemplate\":\"https:\/\/muziekkoepelneringbogel.nl\/?s={search_term_string}\"},\"query-input\":{\"@type\":\"PropertyValueSpecification\",\"valueRequired\":true,\"valueName\":\"search_term_string\"}}],\"inLanguage\":\"nl-NL\"}]}<\/script>\n<!-- \/ Yoast SEO plugin. -->","yoast_head_json":{"title":"Over ons - Muziekkoepel Nering B\u00f6gel","robots":{"index":"index","follow":"follow","max-snippet":"max-snippet:-1","max-image-preview":"max-image-preview:large","max-video-preview":"max-video-preview:-1"},"canonical":"https:\/\/muziekkoepelneringbogel.nl\/?page_id=229862","og_locale":"nl_NL","og_type":"article","og_title":"Over ons - Muziekkoepel Nering B\u00f6gel","og_description":"Over onsMuziekkoepel Nering B\u00f6gel Worpplantsoen te deventer &nbsp; Stichting Muziekkoepel Nering B\u00f6gel Over ons In het zomerseizoen bieden we een podium aan amateurmusici. Van eind april tot eind september organiseren [&hellip;]","og_url":"https:\/\/muziekkoepelneringbogel.nl\/?page_id=229862","og_site_name":"Muziekkoepel Nering B\u00f6gel","article_publisher":"https:\/\/www.facebook.com\/MuziekkoepelWorpplantsoen","article_modified_time":"2026-04-02T17:15:30+00:00","twitter_card":"summary_large_image","twitter_misc":{"Geschatte leestijd":"5 minuten"},"schema":{"@context":"https:\/\/schema.org","@graph":[{"@type":"WebPage","@id":"https:\/\/muziekkoepelneringbogel.nl\/?page_id=229862","url":"https:\/\/muziekkoepelneringbogel.nl\/?page_id=229862","name":"Over ons - Muziekkoepel Nering B\u00f6gel","isPartOf":{"@id":"https:\/\/muziekkoepelneringbogel.nl\/#website"},"datePublished":"2023-07-04T12:49:02+00:00","dateModified":"2026-04-02T17:15:30+00:00","breadcrumb":{"@id":"https:\/\/muziekkoepelneringbogel.nl\/?page_id=229862#breadcrumb"},"inLanguage":"nl-NL","potentialAction":[{"@type":"ReadAction","target":["https:\/\/muziekkoepelneringbogel.nl\/?page_id=229862"]}]},{"@type":"BreadcrumbList","@id":"https:\/\/muziekkoepelneringbogel.nl\/?page_id=229862#breadcrumb","itemListElement":[{"@type":"ListItem","position":1,"name":"Home","item":"https:\/\/muziekkoepelneringbogel.nl\/"},{"@type":"ListItem","position":2,"name":"Over ons"}]},{"@type":"WebSite","@id":"https:\/\/muziekkoepelneringbogel.nl\/#website","url":"https:\/\/muziekkoepelneringbogel.nl\/","name":"Muziekkoepel Nering B\u00f6gel","description":"Worpplantsoen Deventer","potentialAction":[{"@type":"SearchAction","target":{"@type":"EntryPoint","urlTemplate":"https:\/\/muziekkoepelneringbogel.nl\/?s={search_term_string}"},"query-input":{"@type":"PropertyValueSpecification","valueRequired":true,"valueName":"search_term_string"}}],"inLanguage":"nl-NL"}]}},"ticketed":false,"_links":{"self":[{"href":"https:\/\/muziekkoepelneringbogel.nl\/index.php?rest_route=\/wp\/v2\/pages\/229862","targetHints":{"allow":["GET"]}}],"collection":[{"href":"https:\/\/muziekkoepelneringbogel.nl\/index.php?rest_route=\/wp\/v2\/pages"}],"about":[{"href":"https:\/\/muziekkoepelneringbogel.nl\/index.php?rest_route=\/wp\/v2\/types\/page"}],"author":[{"embeddable":true,"href":"https:\/\/muziekkoepelneringbogel.nl\/index.php?rest_route=\/wp\/v2\/users\/1"}],"replies":[{"embeddable":true,"href":"https:\/\/muziekkoepelneringbogel.nl\/index.php?rest_route=%2Fwp%2Fv2%2Fcomments&post=229862"}],"version-history":[{"count":58,"href":"https:\/\/muziekkoepelneringbogel.nl\/index.php?rest_route=\/wp\/v2\/pages\/229862\/revisions"}],"predecessor-version":[{"id":231650,"href":"https:\/\/muziekkoepelneringbogel.nl\/index.php?rest_route=\/wp\/v2\/pages\/229862\/revisions\/231650"}],"wp:attachment":[{"href":"https:\/\/muziekkoepelneringbogel.nl\/index.php?rest_route=%2Fwp%2Fv2%2Fmedia&parent=229862"}],"curies":[{"name":"wp","href":"https:\/\/api.w.org\/{rel}","templated":true}]}}